{"id":738,"date":"2024-04-01T16:08:27","date_gmt":"2024-04-01T20:08:27","guid":{"rendered":"http:\/\/ealvarado"},"modified":"2024-04-05T17:32:52","modified_gmt":"2024-04-05T21:32:52","slug":"medicina-estetica","status":"publish","type":"product","link":"https:\/\/amirlatam.com\/bol\/producto\/medicina-estetica\/","title":{"rendered":"M\u00e1ster en Medicina Est\u00e9tica | Amir Bolivia"},"content":{"rendered":"\n","protected":false},"excerpt":{"rendered":"<p>En nuestro <b>M\u00e1ster en Medicina Est\u00e9tica<\/b>, adquirir\u00e1s las competencias esenciales para brindar atenci\u00f3n integral a pacientes mediante procedimientos no quir\u00fargicos.<\/p>\n<p>Buscamos desarrollar habilidades cl\u00ednicas y pr\u00e1cticas para realizar diversos procedimientos de forma segura y \u00e9tica. Fomentamos el conocimiento de los est\u00e1ndares de calidad y seguridad en <b>Medicina Est\u00e9tica<\/b>. Con clases te\u00f3ricas de expertos de Espa\u00f1a, pr\u00e1cticas cl\u00ednicas locales, tutor\u00edas personalizadas, evaluaci\u00f3n continua y un Trabajo Final de M\u00e1ster (TFM) de investigaci\u00f3n y an\u00e1lisis cr\u00edtico. Descubre AMIR, <b>d\u00f3nde estudiar Medicina Est\u00e9tica en Colombia<\/b> es avanzar hacia un futuro profesional exitoso.<\/p>\n","protected":false},"featured_media":758,"comment_status":"closed","ping_status":"closed","template":"","meta":{"_acf_changed":false},"product_brand":[],"product_cat":[60,66],"product_tag":[],"class_list":{"0":"post-738","1":"product","2":"type-product","3":"status-publish","4":"has-post-thumbnail","6":"product_cat-medicina","7":"product_cat-estetica","9":"first","10":"instock","11":"featured","12":"shipping-taxable","13":"purchasable","14":"product-type-simple"},"acf":[],"yoast_head":"<!-- This site is optimized with the Yoast SEO Premium plugin v26.8 (Yoast SEO v26.8) - https:\/\/yoast.com\/product\/yoast-seo-premium-wordpress\/ -->\n<title>Convi\u00e9rtete en Experto: M\u00e1ster en Medicina Est\u00e9tica con Amir<\/title>\n<meta name=\"description\" content=\"Descubre la excelencia en educaci\u00f3n. Obt\u00e9n tu m\u00e1ster en medicina est\u00e9tica con Amir Colombia. Potencia tu carrera profesional ya mismo. \u00a1Consulta ahora!\" \/>\n<meta name=\"robots\" content=\"index, follow, max-snippet:-1, max-image-preview:large, max-video-preview:-1\" \/>\n<link rel=\"canonical\" href=\"https:\/\/amirlatam.com\/bol\/producto\/medicina-estetica\/\" \/>\n<meta property=\"og:locale\" content=\"es_ES\" \/>\n<meta property=\"og:type\" content=\"article\" \/>\n<meta property=\"og:title\" content=\"M\u00e1ster en Medicina Est\u00e9tica | Amir Bolivia\" \/>\n<meta property=\"og:description\" content=\"Descubre la excelencia en educaci\u00f3n. Obt\u00e9n tu m\u00e1ster en medicina est\u00e9tica con Amir Colombia. Potencia tu carrera profesional ya mismo. \u00a1Consulta ahora!\" \/>\n<meta property=\"og:url\" content=\"https:\/\/amirlatam.com\/bol\/producto\/medicina-estetica\/\" \/>\n<meta property=\"og:site_name\" content=\"Bolivia\" \/>\n<meta property=\"article:publisher\" content=\"https:\/\/www.facebook.com\/AMIRSuramerica\" \/>\n<meta property=\"article:modified_time\" content=\"2024-04-05T21:32:52+00:00\" \/>\n<meta property=\"og:image\" content=\"https:\/\/amirlatam.com\/bol\/wp-content\/uploads\/sites\/11\/2023\/06\/estetica.jpg\" \/>\n\t<meta property=\"og:image:width\" content=\"1920\" \/>\n\t<meta property=\"og:image:height\" content=\"1280\" \/>\n\t<meta property=\"og:image:type\" content=\"image\/jpeg\" \/>\n<meta name=\"twitter:card\" content=\"summary_large_image\" \/>\n<meta name=\"twitter:label1\" content=\"Precio\" \/>\n\t<meta name=\"twitter:data1\" content=\"&#036;&nbsp;1\" \/>\n\t<meta name=\"twitter:label2\" content=\"Disponibilidad\" \/>\n\t<meta name=\"twitter:data2\" content=\"Disponible\" \/>\n<script type=\"application\/ld+json\" class=\"yoast-schema-graph\">{\"@context\":\"https:\/\/schema.org\",\"@graph\":[{\"@type\":\"WebPage\",\"@id\":\"https:\/\/amirlatam.com\/bol\/producto\/medicina-estetica\/\",\"url\":\"https:\/\/amirlatam.com\/bol\/producto\/medicina-estetica\/\",\"name\":\"Convi\u00e9rtete en Experto: M\u00e1ster en Medicina Est\u00e9tica con Amir\",\"isPartOf\":{\"@id\":\"https:\/\/amirlatam.com\/bol\/#website\"},\"primaryImageOfPage\":{\"@id\":\"https:\/\/amirlatam.com\/bol\/producto\/medicina-estetica\/#primaryimage\"},\"image\":{\"@id\":\"https:\/\/amirlatam.com\/bol\/producto\/medicina-estetica\/#primaryimage\"},\"thumbnailUrl\":\"https:\/\/amirlatam.com\/bol\/wp-content\/uploads\/sites\/11\/2023\/06\/estetica.jpg\",\"datePublished\":\"2024-04-01T20:08:27+00:00\",\"dateModified\":\"2024-04-05T21:32:52+00:00\",\"description\":\"Descubre la excelencia en educaci\u00f3n. Obt\u00e9n tu m\u00e1ster en medicina est\u00e9tica con Amir Colombia. Potencia tu carrera profesional ya mismo. \u00a1Consulta ahora!\",\"breadcrumb\":{\"@id\":\"https:\/\/amirlatam.com\/bol\/producto\/medicina-estetica\/#breadcrumb\"},\"inLanguage\":\"es\",\"potentialAction\":[{\"@type\":\"ReadAction\",\"target\":[\"https:\/\/amirlatam.com\/bol\/producto\/medicina-estetica\/\"]}]},{\"@type\":\"ImageObject\",\"inLanguage\":\"es\",\"@id\":\"https:\/\/amirlatam.com\/bol\/producto\/medicina-estetica\/#primaryimage\",\"url\":\"https:\/\/amirlatam.com\/bol\/wp-content\/uploads\/sites\/11\/2023\/06\/estetica.jpg\",\"contentUrl\":\"https:\/\/amirlatam.com\/bol\/wp-content\/uploads\/sites\/11\/2023\/06\/estetica.jpg\",\"width\":1920,\"height\":1280,\"caption\":\"estudiar-medicina-estetica-amir-colombia\"},{\"@type\":\"BreadcrumbList\",\"@id\":\"https:\/\/amirlatam.com\/bol\/producto\/medicina-estetica\/#breadcrumb\",\"itemListElement\":[{\"@type\":\"ListItem\",\"position\":1,\"name\":\"Portada\",\"item\":\"https:\/\/amirlatam.com\/bol\/\"},{\"@type\":\"ListItem\",\"position\":2,\"name\":\"Tienda\",\"item\":\"https:\/\/amirlatam.com\/bol\/tienda-2-2\/\"},{\"@type\":\"ListItem\",\"position\":3,\"name\":\"M\u00e1ster en Medicina Est\u00e9tica | Amir Bolivia\"}]},{\"@type\":\"WebSite\",\"@id\":\"https:\/\/amirlatam.com\/bol\/#website\",\"url\":\"https:\/\/amirlatam.com\/bol\/\",\"name\":\"AMIR Colombia\",\"description\":\"AMIR Latinoam\u00e9rica\",\"publisher\":{\"@id\":\"https:\/\/amirlatam.com\/bol\/#organization\"},\"alternateName\":\"AMIR\",\"potentialAction\":[{\"@type\":\"SearchAction\",\"target\":{\"@type\":\"EntryPoint\",\"urlTemplate\":\"https:\/\/amirlatam.com\/bol\/?s={search_term_string}\"},\"query-input\":{\"@type\":\"PropertyValueSpecification\",\"valueRequired\":true,\"valueName\":\"search_term_string\"}}],\"inLanguage\":\"es\"},{\"@type\":\"Organization\",\"@id\":\"https:\/\/amirlatam.com\/bol\/#organization\",\"name\":\"AMIR Colombia\",\"url\":\"https:\/\/amirlatam.com\/bol\/\",\"logo\":{\"@type\":\"ImageObject\",\"inLanguage\":\"es\",\"@id\":\"https:\/\/amirlatam.com\/bol\/#\/schema\/logo\/image\/\",\"url\":\"https:\/\/amirlatam.com\/co\/wp-content\/uploads\/sites\/2\/2023\/08\/amir-favicon.png\",\"contentUrl\":\"https:\/\/amirlatam.com\/co\/wp-content\/uploads\/sites\/2\/2023\/08\/amir-favicon.png\",\"width\":720,\"height\":720,\"caption\":\"AMIR Colombia\"},\"image\":{\"@id\":\"https:\/\/amirlatam.com\/bol\/#\/schema\/logo\/image\/\"},\"sameAs\":[\"https:\/\/www.facebook.com\/AMIRSuramerica\",\"https:\/\/www.linkedin.com\/company\/amir-colombia\/\",\"https:\/\/www.instagram.com\/amirsuramerica\/\"]}]}<\/script>\n<meta property=\"product:price:amount\" content=\"1\" \/>\n<meta property=\"product:price:currency\" content=\"COP\" \/>\n<meta property=\"og:availability\" content=\"instock\" \/>\n<meta property=\"product:availability\" content=\"instock\" \/>\n<meta property=\"product:condition\" content=\"new\" \/>\n<!-- \/ Yoast SEO Premium plugin. -->","yoast_head_json":{"title":"Convi\u00e9rtete en Experto: M\u00e1ster en Medicina Est\u00e9tica con Amir","description":"Descubre la excelencia en educaci\u00f3n. Obt\u00e9n tu m\u00e1ster en medicina est\u00e9tica con Amir Colombia. Potencia tu carrera profesional ya mismo. \u00a1Consulta ahora!","robots":{"index":"index","follow":"follow","max-snippet":"max-snippet:-1","max-image-preview":"max-image-preview:large","max-video-preview":"max-video-preview:-1"},"canonical":"https:\/\/amirlatam.com\/bol\/producto\/medicina-estetica\/","og_locale":"es_ES","og_type":"article","og_title":"M\u00e1ster en Medicina Est\u00e9tica | Amir Bolivia","og_description":"Descubre la excelencia en educaci\u00f3n. Obt\u00e9n tu m\u00e1ster en medicina est\u00e9tica con Amir Colombia. Potencia tu carrera profesional ya mismo. \u00a1Consulta ahora!","og_url":"https:\/\/amirlatam.com\/bol\/producto\/medicina-estetica\/","og_site_name":"Bolivia","article_publisher":"https:\/\/www.facebook.com\/AMIRSuramerica","article_modified_time":"2024-04-05T21:32:52+00:00","og_image":[{"width":1920,"height":1280,"url":"https:\/\/amirlatam.com\/bol\/wp-content\/uploads\/sites\/11\/2023\/06\/estetica.jpg","type":"image\/jpeg"}],"twitter_card":"summary_large_image","twitter_misc":{"Precio":"&#36;&nbsp;1","Disponibilidad":"Disponible"},"schema":{"@context":"https:\/\/schema.org","@graph":[{"@type":"WebPage","@id":"https:\/\/amirlatam.com\/bol\/producto\/medicina-estetica\/","url":"https:\/\/amirlatam.com\/bol\/producto\/medicina-estetica\/","name":"Convi\u00e9rtete en Experto: M\u00e1ster en Medicina Est\u00e9tica con Amir","isPartOf":{"@id":"https:\/\/amirlatam.com\/bol\/#website"},"primaryImageOfPage":{"@id":"https:\/\/amirlatam.com\/bol\/producto\/medicina-estetica\/#primaryimage"},"image":{"@id":"https:\/\/amirlatam.com\/bol\/producto\/medicina-estetica\/#primaryimage"},"thumbnailUrl":"https:\/\/amirlatam.com\/bol\/wp-content\/uploads\/sites\/11\/2023\/06\/estetica.jpg","datePublished":"2024-04-01T20:08:27+00:00","dateModified":"2024-04-05T21:32:52+00:00","description":"Descubre la excelencia en educaci\u00f3n. Obt\u00e9n tu m\u00e1ster en medicina est\u00e9tica con Amir Colombia. Potencia tu carrera profesional ya mismo. \u00a1Consulta ahora!","breadcrumb":{"@id":"https:\/\/amirlatam.com\/bol\/producto\/medicina-estetica\/#breadcrumb"},"inLanguage":"es","potentialAction":[{"@type":"ReadAction","target":["https:\/\/amirlatam.com\/bol\/producto\/medicina-estetica\/"]}]},{"@type":"ImageObject","inLanguage":"es","@id":"https:\/\/amirlatam.com\/bol\/producto\/medicina-estetica\/#primaryimage","url":"https:\/\/amirlatam.com\/bol\/wp-content\/uploads\/sites\/11\/2023\/06\/estetica.jpg","contentUrl":"https:\/\/amirlatam.com\/bol\/wp-content\/uploads\/sites\/11\/2023\/06\/estetica.jpg","width":1920,"height":1280,"caption":"estudiar-medicina-estetica-amir-colombia"},{"@type":"BreadcrumbList","@id":"https:\/\/amirlatam.com\/bol\/producto\/medicina-estetica\/#breadcrumb","itemListElement":[{"@type":"ListItem","position":1,"name":"Portada","item":"https:\/\/amirlatam.com\/bol\/"},{"@type":"ListItem","position":2,"name":"Tienda","item":"https:\/\/amirlatam.com\/bol\/tienda-2-2\/"},{"@type":"ListItem","position":3,"name":"M\u00e1ster en Medicina Est\u00e9tica | Amir Bolivia"}]},{"@type":"WebSite","@id":"https:\/\/amirlatam.com\/bol\/#website","url":"https:\/\/amirlatam.com\/bol\/","name":"AMIR Colombia","description":"AMIR Latinoam\u00e9rica","publisher":{"@id":"https:\/\/amirlatam.com\/bol\/#organization"},"alternateName":"AMIR","potentialAction":[{"@type":"SearchAction","target":{"@type":"EntryPoint","urlTemplate":"https:\/\/amirlatam.com\/bol\/?s={search_term_string}"},"query-input":{"@type":"PropertyValueSpecification","valueRequired":true,"valueName":"search_term_string"}}],"inLanguage":"es"},{"@type":"Organization","@id":"https:\/\/amirlatam.com\/bol\/#organization","name":"AMIR Colombia","url":"https:\/\/amirlatam.com\/bol\/","logo":{"@type":"ImageObject","inLanguage":"es","@id":"https:\/\/amirlatam.com\/bol\/#\/schema\/logo\/image\/","url":"https:\/\/amirlatam.com\/co\/wp-content\/uploads\/sites\/2\/2023\/08\/amir-favicon.png","contentUrl":"https:\/\/amirlatam.com\/co\/wp-content\/uploads\/sites\/2\/2023\/08\/amir-favicon.png","width":720,"height":720,"caption":"AMIR Colombia"},"image":{"@id":"https:\/\/amirlatam.com\/bol\/#\/schema\/logo\/image\/"},"sameAs":["https:\/\/www.facebook.com\/AMIRSuramerica","https:\/\/www.linkedin.com\/company\/amir-colombia\/","https:\/\/www.instagram.com\/amirsuramerica\/"]}]},"product_price_amount":"1","product_price_currency":"COP","og_availability":"instock","product_availability":"instock","product_condition":"new"},"_links":{"self":[{"href":"https:\/\/amirlatam.com\/bol\/wp-json\/wp\/v2\/product\/738","targetHints":{"allow":["GET"]}}],"collection":[{"href":"https:\/\/amirlatam.com\/bol\/wp-json\/wp\/v2\/product"}],"about":[{"href":"https:\/\/amirlatam.com\/bol\/wp-json\/wp\/v2\/types\/product"}],"replies":[{"embeddable":true,"href":"https:\/\/amirlatam.com\/bol\/wp-json\/wp\/v2\/comments?post=738"}],"wp:featuredmedia":[{"embeddable":true,"href":"https:\/\/amirlatam.com\/bol\/wp-json\/wp\/v2\/media\/758"}],"wp:attachment":[{"href":"https:\/\/amirlatam.com\/bol\/wp-json\/wp\/v2\/media?parent=738"}],"wp:term":[{"taxonomy":"product_brand","embeddable":true,"href":"https:\/\/amirlatam.com\/bol\/wp-json\/wp\/v2\/product_brand?post=738"},{"taxonomy":"product_cat","embeddable":true,"href":"https:\/\/amirlatam.com\/bol\/wp-json\/wp\/v2\/product_cat?post=738"},{"taxonomy":"product_tag","embeddable":true,"href":"https:\/\/amirlatam.com\/bol\/wp-json\/wp\/v2\/product_tag?post=738"}],"curies":[{"name":"wp","href":"https:\/\/api.w.org\/{rel}","templated":true}]}}