{"id":736,"date":"2024-04-01T16:08:24","date_gmt":"2024-04-01T20:08:24","guid":{"rendered":"http:\/\/ealvarado"},"modified":"2024-09-11T10:28:23","modified_gmt":"2024-09-11T14:28:23","slug":"politicas-de-privacidad","status":"publish","type":"page","link":"https:\/\/amirlatam.com\/bol\/politicas-de-privacidad\/","title":{"rendered":"Pol\u00edticas de privacidad Amir | Amir Bolivia"},"content":{"rendered":"<p>Para una compa\u00f1\u00eda emprendedora y de presencia nacional como ACADEMIA AMIR BOLIVIA el tratamiento leg\u00edtimo, controlado e informado de sus datos personales es de gran importancia para alcanzar los objetivos corporativos, a trav\u00e9s de todas las \u00e1reas involucradas en el negocio y reiterar el compromiso con su privacidad y del derecho a la autodeterminaci\u00f3n. El presente Aviso de Privacidad, le informar\u00e1 sobre el tratamiento que se le dar\u00e1 a sus datos personales cuando los mismos son recabados, utilizados, almacenados y\/o transferidos por<\/p>\n<h2 class=\"wp-block-heading\">ACADEMIA AMIR BOLIVIA<\/h2>\n<p>Responsable del tratamiento de sus datos: En cumplimiento a lo dispuesto en la Ley Federal de Protecci\u00f3n de Datos Personales en Posesi\u00f3n de los Particulares (en adelante LEY), hacemos de su conocimiento que ACADEMIA AMIR BOLIVIA, es la entidad responsable del tratamiento de sus datos personales que recabe de Usted en los t\u00e9rminos del presente aviso de privacidad.<\/p>\n<p>AMIR BOLIVIA SAS, Academia M\u00e9dico Interno Residente BOLIVIA de car\u00e1cter privada, identificada con Nit 901 031 938-4, en cumplimiento de la Constituci\u00f3n Pol\u00edtica y la Ley 1581 de 2012 de protecci\u00f3n de datos personales informa a todos los colaboradores, docentes, estudiantes, egresados, proveedores y cualquier tercero interesado; que cumplimos con las exigencias especiales para la protecci\u00f3n de datos personales de menores de edad (ni\u00f1os, ni\u00f1as y adolescentes) y de los adultos que suministran sus datos personales con fines acad\u00e9micos; preservando su protecci\u00f3n, conservaci\u00f3n y garantizando su uso responsable y seguro, procurando proteger el derecho a la privacidad y protecci\u00f3n de su informaci\u00f3n personal y toda aquella que nos suministr\u00f3 a trav\u00e9s de nuestros formatos, formularios ubicados en nuestras instalaciones y en el sitio web antes y despu\u00e9s de la vigencia del decreto y la ley; que sus datos personales se encuentran incluidos en nuestras bases de datos.<\/p>\n<p>&nbsp;<\/p>\n<h3 class=\"wp-block-heading\">Datos Personales que Pueden Recabarse.<\/h3>\n<p>&nbsp;<\/p>\n<p>ACADEMIA AMIR BOLIVIA, podr\u00e1 recabar y tratar\u00e1 de Usted con el prop\u00f3sito de alcanzar las finalidades mencionadas dentro del presente aviso de privacidad, de manera enunciativa m\u00e1s no limitativa los siguientes datos: nombre; apellidos; tel\u00e9fono (m\u00f3vil y fijo); correo electr\u00f3nico; instituci\u00f3n educativa a la que esta o estuvo inscrito; empresa para la que labora; pa\u00eds; estado donde radica; domicilio; Clave \u00danica de Registro de Poblaci\u00f3n; clave del Registro Federal de Contribuyentes; domicilio fiscal; n\u00famero de folio de alguna identificaci\u00f3n oficial; el tipo de inter\u00e9s que tiene en nuestros productos, es decir, informaci\u00f3n, inscripci\u00f3n a nuestros cursos, o proyecto deseado; y los productos en que est\u00e1 interesado.<\/p>\n<p>&nbsp;<\/p>\n<h4 class=\"wp-block-heading\">Finalidades del tratamiento de sus datos personales<\/h4>\n<p>&nbsp;<\/p>\n<p>Todos los datos personales que sean recabados por ACADEMIA AMIR BOLIVIA , ser\u00e1n tratados y procesados por el sistema destinado para ello, a trav\u00e9s del encargado del mismo, d\u00e1ndoles un tratamiento y uso confidencial, datos que ser\u00e1n usados con la finalidad de: darle una pronta respuesta a lo que Usted nos solicite a trav\u00e9s de la web. Sus datos personales podr\u00e1n ser utilizados para fines estad\u00edsticos, de mercadotecnia, publicitarios y de prospecci\u00f3n comercial, en ning\u00fan caso sus datos ser\u00e1n tratados de una forma distinta a la que aqu\u00ed se especifica, sino \u00fanicamente para mantener un contacto en cuanto a su petici\u00f3n.<\/p>\n<p>&nbsp;<\/p>\n<h5 class=\"wp-block-heading\">Transferencia de Datos Personales<\/h5>\n<p>&nbsp;<\/p>\n<p>Sus datos personales no ser\u00e1n transferidos a terceros ajenos al Responsable.<\/p>\n<p>&nbsp;<\/p>\n<h6 class=\"wp-block-heading\">Derechos de acceso, rectificaci\u00f3n, cancelaci\u00f3n y oposici\u00f3n (Derechos ARCO)<\/h6>\n<p>&nbsp;<\/p>\n<p>Usted tiene derecho a acceder a sus datos personales que poseemos y a los detalles del tratamiento de los mismos, as\u00ed como a rectificarlos en caso de ser inexactos o incompletos; cancelarlos cuando considere que no se requieren para alguna de las finalidades se\u00f1aladas en el presente aviso de privacidad; est\u00e9n siendo utilizados para finalidades no consentidas o haya finalizado la relaci\u00f3n contractual o de servicio, o bien, oponerse al tratamiento de los mismos. Para ejercitar este Derecho es necesario que presente personalmente la solicitud respectiva tratando el punto en espec\u00edfico y debidamente firmada por Usted o su representante legal la cual deber\u00e1 se\u00f1alar direcci\u00f3n de correo electr\u00f3nico donde ser\u00e1 enviada la respuesta a su solicitud; solicitud que deber\u00e1 ser presentada en las oficinas ubicadas en la direcci\u00f3n mencionada al inicio del presente documento, o bien podr\u00e1 hacernos llegar dicha solicitud, a su costa, a trav\u00e9s de correo certificado o cualquier servicio de mensajer\u00eda. Es importante mencionar que el ejercicio de cualquiera de dichos derechos no es requisito previo ni impide el ejercicio de otro derecho. La solicitud deber\u00e1 contener y ser acompa\u00f1ada por la siguiente documentaci\u00f3n: a) Su nombre, domicilio y correo electr\u00f3nico para poder comunicarle la repuesta a la solicitud; b) Una copia del o los documentos que acrediten su personalidad (copia de IFE o INE, pasaporte o cedula profesional) para el caso de personas morales los documentos que acrediten su representaci\u00f3n legal, en ambos casos deber\u00e1 expresar Bajo Formal Protesta de Decir Verdad que los documentos exhibidos concuerdan fielmente con sus originales. El plazo m\u00e1ximo para la resoluci\u00f3n de su solicitud es de 20 d\u00edas h\u00e1biles contados a la fecha de recepci\u00f3n de su solicitud, en caso de no recibir respuesta o est\u00e1 no le satisfaga, Usted podr\u00e1 hacer valer sus derechos a esta negativa o inconformidad ante el Instituto Nacional de Transparencia, Acceso a la Informaci\u00f3n y Protecci\u00f3n de Datos Personales (INAI)<\/p>\n<p>&nbsp;<\/p>\n<h6 class=\"wp-block-heading\"><strong>Cambios o modificaciones al aviso de privacidad.<\/strong><\/h6>\n<p>&nbsp;<\/p>\n<p>ACADEMIA AMIR BOLIVIA se reserva el derecho de efectuar en cualquier momento modificaciones o actualizaciones al presente aviso de privacidad en el entendido de que cualquier modificaci\u00f3n al mismo, se le har\u00e1 conocer a Usted con por lo menos 30 d\u00edas de anticipaci\u00f3n a la fecha en que surta efectos la modificaci\u00f3n, por medio de la publicaci\u00f3n del aviso en la p\u00e1gina de internet\u00a0 <a href=\"https:\/\/amirlatam.com\/bo\">https:\/\/amirlatam.com\/bo<\/a>\u00a0 o a trav\u00e9s de correo electr\u00f3nico. En caso de no contar con su correo electr\u00f3nico, la notificaci\u00f3n se publicar\u00e1 en la p\u00e1gina de internet mencionada.<\/p>\n<p>&nbsp;<\/p>\n<h6 class=\"wp-block-heading\">Consentimiento.<\/h6>\n<p>&nbsp;<\/p>\n<p>En tanto, no se oponga al presente aviso de privacidad, se entender\u00e1 que Usted otorga su consentimiento t\u00e1cito para el tratamiento de sus datos personales para las finalidades indicadas en el mismo. <strong>\u00daltima actualizaci\u00f3n: abril 2021<\/strong>.<\/p>\n","protected":false},"excerpt":{"rendered":"<p>Para una compa\u00f1\u00eda emprendedora y de presencia nacional como ACADEMIA AMIR BOLIVIA el tratamiento leg\u00edtimo, controlado e informado de sus datos personales es de gran importancia para alcanzar los objetivos corporativos, a trav\u00e9s de todas las \u00e1reas involucradas en el negocio y reiterar el compromiso con su privacidad y del derecho a la autodeterminaci\u00f3n. El [&hellip;]<\/p>\n","protected":false},"author":24,"featured_media":0,"parent":0,"menu_order":0,"comment_status":"closed","ping_status":"closed","template":"","meta":{"_acf_changed":false,"footnotes":""},"class_list":["post-736","page","type-page","status-publish","hentry"],"acf":[],"yoast_head":"<!-- This site is optimized with the Yoast SEO Premium plugin v26.8 (Yoast SEO v26.8) - https:\/\/yoast.com\/product\/yoast-seo-premium-wordpress\/ -->\n<title>Pol\u00edticas de Privacidad de Amir: Protegiendo tu Informaci\u00f3n<\/title>\n<meta name=\"description\" content=\"Descubre las pol\u00edticas de privacidad de Amir: tu informaci\u00f3n segura en la formaci\u00f3n m\u00e9dica. Tu seguridad es nuestra prioridad.\" \/>\n<meta name=\"robots\" content=\"index, follow, max-snippet:-1, max-image-preview:large, max-video-preview:-1\" \/>\n<link rel=\"canonical\" href=\"https:\/\/amirlatam.com\/bol\/politicas-de-privacidad\/\" \/>\n<meta property=\"og:locale\" content=\"es_ES\" \/>\n<meta property=\"og:type\" content=\"article\" \/>\n<meta property=\"og:title\" content=\"Pol\u00edticas de privacidad Amir | Amir Bolivia\" \/>\n<meta property=\"og:description\" content=\"Descubre las pol\u00edticas de privacidad de Amir: tu informaci\u00f3n segura en la formaci\u00f3n m\u00e9dica. Tu seguridad es nuestra prioridad.\" \/>\n<meta property=\"og:url\" content=\"https:\/\/amirlatam.com\/bol\/politicas-de-privacidad\/\" \/>\n<meta property=\"og:site_name\" content=\"Bolivia\" \/>\n<meta property=\"article:publisher\" content=\"https:\/\/www.facebook.com\/AMIRSuramerica\" \/>\n<meta property=\"article:modified_time\" content=\"2024-09-11T14:28:23+00:00\" \/>\n<meta name=\"twitter:card\" content=\"summary_large_image\" \/>\n<meta name=\"twitter:label1\" content=\"Tiempo de lectura\" \/>\n\t<meta name=\"twitter:data1\" content=\"5 minutos\" \/>\n<script type=\"application\/ld+json\" class=\"yoast-schema-graph\">{\"@context\":\"https:\/\/schema.org\",\"@graph\":[{\"@type\":\"WebPage\",\"@id\":\"https:\/\/amirlatam.com\/bol\/politicas-de-privacidad\/\",\"url\":\"https:\/\/amirlatam.com\/bol\/politicas-de-privacidad\/\",\"name\":\"Pol\u00edticas de Privacidad de Amir: Protegiendo tu Informaci\u00f3n\",\"isPartOf\":{\"@id\":\"https:\/\/amirlatam.com\/bol\/#website\"},\"datePublished\":\"2024-04-01T20:08:24+00:00\",\"dateModified\":\"2024-09-11T14:28:23+00:00\",\"description\":\"Descubre las pol\u00edticas de privacidad de Amir: tu informaci\u00f3n segura en la formaci\u00f3n m\u00e9dica. Tu seguridad es nuestra prioridad.\",\"breadcrumb\":{\"@id\":\"https:\/\/amirlatam.com\/bol\/politicas-de-privacidad\/#breadcrumb\"},\"inLanguage\":\"es\",\"potentialAction\":[{\"@type\":\"ReadAction\",\"target\":[\"https:\/\/amirlatam.com\/bol\/politicas-de-privacidad\/\"]}]},{\"@type\":\"BreadcrumbList\",\"@id\":\"https:\/\/amirlatam.com\/bol\/politicas-de-privacidad\/#breadcrumb\",\"itemListElement\":[{\"@type\":\"ListItem\",\"position\":1,\"name\":\"Portada\",\"item\":\"https:\/\/amirlatam.com\/bol\/\"},{\"@type\":\"ListItem\",\"position\":2,\"name\":\"Pol\u00edticas de privacidad Amir | Amir Bolivia\"}]},{\"@type\":\"WebSite\",\"@id\":\"https:\/\/amirlatam.com\/bol\/#website\",\"url\":\"https:\/\/amirlatam.com\/bol\/\",\"name\":\"AMIR Colombia\",\"description\":\"AMIR Latinoam\u00e9rica\",\"publisher\":{\"@id\":\"https:\/\/amirlatam.com\/bol\/#organization\"},\"alternateName\":\"AMIR\",\"potentialAction\":[{\"@type\":\"SearchAction\",\"target\":{\"@type\":\"EntryPoint\",\"urlTemplate\":\"https:\/\/amirlatam.com\/bol\/?s={search_term_string}\"},\"query-input\":{\"@type\":\"PropertyValueSpecification\",\"valueRequired\":true,\"valueName\":\"search_term_string\"}}],\"inLanguage\":\"es\"},{\"@type\":\"Organization\",\"@id\":\"https:\/\/amirlatam.com\/bol\/#organization\",\"name\":\"AMIR Colombia\",\"url\":\"https:\/\/amirlatam.com\/bol\/\",\"logo\":{\"@type\":\"ImageObject\",\"inLanguage\":\"es\",\"@id\":\"https:\/\/amirlatam.com\/bol\/#\/schema\/logo\/image\/\",\"url\":\"https:\/\/amirlatam.com\/co\/wp-content\/uploads\/sites\/2\/2023\/08\/amir-favicon.png\",\"contentUrl\":\"https:\/\/amirlatam.com\/co\/wp-content\/uploads\/sites\/2\/2023\/08\/amir-favicon.png\",\"width\":720,\"height\":720,\"caption\":\"AMIR Colombia\"},\"image\":{\"@id\":\"https:\/\/amirlatam.com\/bol\/#\/schema\/logo\/image\/\"},\"sameAs\":[\"https:\/\/www.facebook.com\/AMIRSuramerica\",\"https:\/\/www.linkedin.com\/company\/amir-colombia\/\",\"https:\/\/www.instagram.com\/amirsuramerica\/\"]}]}<\/script>\n<!-- \/ Yoast SEO Premium plugin. -->","yoast_head_json":{"title":"Pol\u00edticas de Privacidad de Amir: Protegiendo tu Informaci\u00f3n","description":"Descubre las pol\u00edticas de privacidad de Amir: tu informaci\u00f3n segura en la formaci\u00f3n m\u00e9dica. Tu seguridad es nuestra prioridad.","robots":{"index":"index","follow":"follow","max-snippet":"max-snippet:-1","max-image-preview":"max-image-preview:large","max-video-preview":"max-video-preview:-1"},"canonical":"https:\/\/amirlatam.com\/bol\/politicas-de-privacidad\/","og_locale":"es_ES","og_type":"article","og_title":"Pol\u00edticas de privacidad Amir | Amir Bolivia","og_description":"Descubre las pol\u00edticas de privacidad de Amir: tu informaci\u00f3n segura en la formaci\u00f3n m\u00e9dica. Tu seguridad es nuestra prioridad.","og_url":"https:\/\/amirlatam.com\/bol\/politicas-de-privacidad\/","og_site_name":"Bolivia","article_publisher":"https:\/\/www.facebook.com\/AMIRSuramerica","article_modified_time":"2024-09-11T14:28:23+00:00","twitter_card":"summary_large_image","twitter_misc":{"Tiempo de lectura":"5 minutos"},"schema":{"@context":"https:\/\/schema.org","@graph":[{"@type":"WebPage","@id":"https:\/\/amirlatam.com\/bol\/politicas-de-privacidad\/","url":"https:\/\/amirlatam.com\/bol\/politicas-de-privacidad\/","name":"Pol\u00edticas de Privacidad de Amir: Protegiendo tu Informaci\u00f3n","isPartOf":{"@id":"https:\/\/amirlatam.com\/bol\/#website"},"datePublished":"2024-04-01T20:08:24+00:00","dateModified":"2024-09-11T14:28:23+00:00","description":"Descubre las pol\u00edticas de privacidad de Amir: tu informaci\u00f3n segura en la formaci\u00f3n m\u00e9dica. Tu seguridad es nuestra prioridad.","breadcrumb":{"@id":"https:\/\/amirlatam.com\/bol\/politicas-de-privacidad\/#breadcrumb"},"inLanguage":"es","potentialAction":[{"@type":"ReadAction","target":["https:\/\/amirlatam.com\/bol\/politicas-de-privacidad\/"]}]},{"@type":"BreadcrumbList","@id":"https:\/\/amirlatam.com\/bol\/politicas-de-privacidad\/#breadcrumb","itemListElement":[{"@type":"ListItem","position":1,"name":"Portada","item":"https:\/\/amirlatam.com\/bol\/"},{"@type":"ListItem","position":2,"name":"Pol\u00edticas de privacidad Amir | Amir Bolivia"}]},{"@type":"WebSite","@id":"https:\/\/amirlatam.com\/bol\/#website","url":"https:\/\/amirlatam.com\/bol\/","name":"AMIR Colombia","description":"AMIR Latinoam\u00e9rica","publisher":{"@id":"https:\/\/amirlatam.com\/bol\/#organization"},"alternateName":"AMIR","potentialAction":[{"@type":"SearchAction","target":{"@type":"EntryPoint","urlTemplate":"https:\/\/amirlatam.com\/bol\/?s={search_term_string}"},"query-input":{"@type":"PropertyValueSpecification","valueRequired":true,"valueName":"search_term_string"}}],"inLanguage":"es"},{"@type":"Organization","@id":"https:\/\/amirlatam.com\/bol\/#organization","name":"AMIR Colombia","url":"https:\/\/amirlatam.com\/bol\/","logo":{"@type":"ImageObject","inLanguage":"es","@id":"https:\/\/amirlatam.com\/bol\/#\/schema\/logo\/image\/","url":"https:\/\/amirlatam.com\/co\/wp-content\/uploads\/sites\/2\/2023\/08\/amir-favicon.png","contentUrl":"https:\/\/amirlatam.com\/co\/wp-content\/uploads\/sites\/2\/2023\/08\/amir-favicon.png","width":720,"height":720,"caption":"AMIR Colombia"},"image":{"@id":"https:\/\/amirlatam.com\/bol\/#\/schema\/logo\/image\/"},"sameAs":["https:\/\/www.facebook.com\/AMIRSuramerica","https:\/\/www.linkedin.com\/company\/amir-colombia\/","https:\/\/www.instagram.com\/amirsuramerica\/"]}]}},"_links":{"self":[{"href":"https:\/\/amirlatam.com\/bol\/wp-json\/wp\/v2\/pages\/736","targetHints":{"allow":["GET"]}}],"collection":[{"href":"https:\/\/amirlatam.com\/bol\/wp-json\/wp\/v2\/pages"}],"about":[{"href":"https:\/\/amirlatam.com\/bol\/wp-json\/wp\/v2\/types\/page"}],"author":[{"embeddable":true,"href":"https:\/\/amirlatam.com\/bol\/wp-json\/wp\/v2\/users\/24"}],"replies":[{"embeddable":true,"href":"https:\/\/amirlatam.com\/bol\/wp-json\/wp\/v2\/comments?post=736"}],"version-history":[{"count":2,"href":"https:\/\/amirlatam.com\/bol\/wp-json\/wp\/v2\/pages\/736\/revisions"}],"predecessor-version":[{"id":1177,"href":"https:\/\/amirlatam.com\/bol\/wp-json\/wp\/v2\/pages\/736\/revisions\/1177"}],"wp:attachment":[{"href":"https:\/\/amirlatam.com\/bol\/wp-json\/wp\/v2\/media?parent=736"}],"curies":[{"name":"wp","href":"https:\/\/api.w.org\/{rel}","templated":true}]}}